{"id":69,"date":"2023-02-14T21:46:28","date_gmt":"2023-02-14T21:46:28","guid":{"rendered":"https:\/\/hadalabostg.wpengine.com\/?page_id=69"},"modified":"2024-04-25T13:34:20","modified_gmt":"2024-04-25T13:34:20","slug":"the-science","status":"publish","type":"page","link":"https:\/\/hadalabotokyo.ca\/fr\/the-science\/","title":{"rendered":"La Science"},"content":{"rendered":"<div class=\"vce-row-container\"><div class=\"vce-row vce-element--xl--has-background vce-element--lg--has-background vce-element--md--has-background vce-element--sm--has-background vce-element--xs--has-background vce-row--col-gap-30 vce-row-equal-height vce-row-content--top\" data-vce-full-width=\"true\" id=\"el-dd2ef9c9\" data-vce-do-apply=\"all el-dd2ef9c9\"><div class=\"vce-content-background-container\"><div class=\"vce-asset-background-simple-container vce-visible-xl-only vce-asset-background-simple--style-full-width vce-asset-background-simple--position-center-top\"><div class=\"vce-asset-background-simple\">\n              <div style='background-image:inherit;'  class=\"vce-asset-background-simple-item vcv-lozad lazyload\"  data-bg-image=\"url(&quot;https:\/\/hadalabostg.wpengine.com\/wp-content\/uploads\/2023\/02\/HL-hyla-bg.png&quot;)\"><\/div>\n              <noscript>\n                <div class=\"vce-asset-background-simple-item\" style=\"background-image: url(https:\/\/hadalabostg.wpengine.com\/wp-content\/uploads\/2023\/02\/HL-hyla-bg.png)\"><\/div>\n              <\/noscript>\n            <\/div><\/div><div class=\"vce-asset-background-simple-container vce-visible-lg-only vce-asset-background-simple--style-full-width vce-asset-background-simple--position-center-top\"><div class=\"vce-asset-background-simple\">\n              <div style='background-image:inherit;'  class=\"vce-asset-background-simple-item vcv-lozad lazyload\"  data-bg-image=\"url(&quot;https:\/\/hadalabostg.wpengine.com\/wp-content\/uploads\/2023\/02\/HL-hyla-bg.png&quot;)\"><\/div>\n              <noscript>\n                <div class=\"vce-asset-background-simple-item\" style=\"background-image: url(https:\/\/hadalabostg.wpengine.com\/wp-content\/uploads\/2023\/02\/HL-hyla-bg.png)\"><\/div>\n              <\/noscript>\n            <\/div><\/div><div class=\"vce-asset-background-simple-container vce-visible-md-only vce-asset-background-simple--style-full-width vce-asset-background-simple--position-center-top\"><div class=\"vce-asset-background-simple\">\n              <div style='background-image:inherit;'  class=\"vce-asset-background-simple-item vcv-lozad lazyload\"  data-bg-image=\"url(&quot;https:\/\/hadalabostg.wpengine.com\/wp-content\/uploads\/2023\/02\/HL-hyla-bg.png&quot;)\"><\/div>\n              <noscript>\n                <div class=\"vce-asset-background-simple-item\" style=\"background-image: url(https:\/\/hadalabostg.wpengine.com\/wp-content\/uploads\/2023\/02\/HL-hyla-bg.png)\"><\/div>\n              <\/noscript>\n            <\/div><\/div><div class=\"vce-asset-background-simple-container vce-visible-sm-only vce-asset-background-simple--style-full-width vce-asset-background-simple--position-center-top\"><div class=\"vce-asset-background-simple\">\n              <div style='background-image:inherit;'  class=\"vce-asset-background-simple-item vcv-lozad lazyload\"  data-bg-image=\"url(&quot;https:\/\/hadalabostg.wpengine.com\/wp-content\/uploads\/2023\/02\/HL-hyla-bg.png&quot;)\"><\/div>\n              <noscript>\n                <div class=\"vce-asset-background-simple-item\" style=\"background-image: url(https:\/\/hadalabostg.wpengine.com\/wp-content\/uploads\/2023\/02\/HL-hyla-bg.png)\"><\/div>\n              <\/noscript>\n            <\/div><\/div><div class=\"vce-asset-background-simple-container vce-visible-xs-only vce-asset-background-simple--style-full-width vce-asset-background-simple--position-center-top\"><div class=\"vce-asset-background-simple\">\n              <div style='background-image:inherit;'  class=\"vce-asset-background-simple-item vcv-lozad lazyload\"  data-bg-image=\"url(&quot;https:\/\/hadalabostg.wpengine.com\/wp-content\/uploads\/2023\/02\/HL-hyla-bg.png&quot;)\"><\/div>\n              <noscript>\n                <div class=\"vce-asset-background-simple-item\" style=\"background-image: url(https:\/\/hadalabostg.wpengine.com\/wp-content\/uploads\/2023\/02\/HL-hyla-bg.png)\"><\/div>\n              <\/noscript>\n            <\/div><\/div><\/div><div class=\"vce-row-content\" data-vce-element-content=\"true\"><div class=\"vce-col vce-col--md-auto vce-col--xs-1 vce-col--xs-last vce-col--xs-first vce-col--sm-last vce-col--sm-first vce-col--md-last vce-col--lg-last vce-col--xl-last vce-col--md-first vce-col--lg-first vce-col--xl-first\" id=\"el-d717911f\"><div class=\"vce-col-inner\" data-vce-do-apply=\"border margin background  el-d717911f\"><div class=\"vce-col-content\" data-vce-element-content=\"true\" data-vce-do-apply=\"padding el-d717911f\"><div class=\"vce-text-block\"><div class=\"vce-text-block-wrapper vce\" id=\"el-489ee69d\" data-vce-do-apply=\"all el-489ee69d\"><h1>La Science<\/h1><\/div><\/div><\/div><\/div><\/div><\/div><\/div><\/div><div class=\"vce-row-container\" data-vce-boxed-width=\"true\"><div class=\"vce-row vce-row--col-gap-30 vce-row-equal-height vce-row-content--top\" id=\"el-8b8c7838\" data-vce-do-apply=\"all el-8b8c7838\"><div class=\"vce-content-background-container\"><\/div><div class=\"vce-row-content\" data-vce-element-content=\"true\"><div class=\"vce-col vce-col--xs-100p vce-col--xs-visible vce-col--xs-last vce-col--xs-first vce-col--sm-100p vce-col--sm-visible vce-col--sm-last vce-col--sm-first vce-col--md-100p vce-col--md-visible vce-col--md-last vce-col--md-first vce-col--lg-35p vce-col--lg-visible vce-col--lg-first vce-col--xl-35p vce-col--xl-visible vce-col--xl-first\" id=\"el-3a31b609\"><div class=\"vce-col-inner\" data-vce-do-apply=\"border margin background  el-3a31b609\"><div class=\"vce-col-content\" data-vce-element-content=\"true\" data-vce-do-apply=\"padding el-3a31b609\"><div class=\"vce-text-block\"><div class=\"vce-text-block-wrapper vce\" id=\"el-2c7974bc\" data-vce-do-apply=\"all el-2c7974bc\"><h2>D\u00e9couvrez Super Hyaluronic Acid<span class=\"fallback\">MC<\/span><\/h2>\n<p><span style=\"font-weight: inherit; font-style: inherit;\">Les produits Hada Labo Tokyo<span class=\"fallback\">MC<\/span><\/span> sont compos\u00e9s d\u2019un m\u00e9lange unique de trois acides hyaluroniques diff\u00e9rents, con\u00e7us pour d\u00e9salt\u00e9rer les peaux s\u00e8ches et assoiff\u00e9es en leur apportant une hydratation profonde et durable. Notre combinaison sp\u00e9ciale d\u2019acides hyaluroniques hydrate et repulpe votre peau de l\u2019int\u00e9rieur.<\/p><\/div><\/div><\/div><\/div><\/div><div class=\"vce-col vce-col--xs-100p vce-col--xs-visible vce-col--xs-last vce-col--xs-first vce-col--sm-100p vce-col--sm-visible vce-col--sm-last vce-col--sm-first vce-col--md-100p vce-col--md-visible vce-col--md-last vce-col--md-first vce-col--lg-65p vce-col--lg-visible vce-col--lg-last vce-col--xl-65p vce-col--xl-visible vce-col--xl-last\" id=\"el-91f7f0f1\"><div class=\"vce-col-inner\" data-vce-do-apply=\"border margin background  el-91f7f0f1\"><div class=\"vce-col-content\" data-vce-element-content=\"true\" data-vce-do-apply=\"padding el-91f7f0f1\"><div class=\"vce-row-container\" data-vce-boxed-width=\"true\"><div class=\"vce-row vce-element--has-background vce-row--col-gap-30 vce-row-equal-height vce-row-content--top\" id=\"el-b813c685\" data-vce-do-apply=\"all el-b813c685\"><div class=\"vce-content-background-container\"><\/div><div class=\"vce-row-content\" data-vce-element-content=\"true\"><div class=\"vce-col vce-col--md-auto vce-col--xs-1 vce-col--xs-last vce-col--xs-first vce-col--sm-last vce-col--sm-first vce-col--md-last vce-col--lg-last vce-col--xl-last vce-col--md-first vce-col--lg-first vce-col--xl-first\" id=\"el-b81a6d78\"><div class=\"vce-col-inner\" data-vce-do-apply=\"border margin background  el-b81a6d78\"><div class=\"vce-col-content\" data-vce-element-content=\"true\" data-vce-do-apply=\"padding el-b81a6d78\"><div class=\"vce-row-container\" data-vce-boxed-width=\"true\"><div class=\"vce-row vce-row--col-gap-30 vce-row-equal-height vce-row-content--top\" id=\"el-c0d3d870\" data-vce-do-apply=\"all el-c0d3d870\"><div class=\"vce-row-content\" data-vce-element-content=\"true\"><div class=\"vce-col vce-col--md-auto vce-col--xs-1 vce-col--xs-last vce-col--xs-first vce-col--sm-last vce-col--sm-first vce-col--md-last vce-col--lg-last vce-col--xl-last vce-col--md-first vce-col--lg-first vce-col--xl-first\" id=\"el-b4090136\"><div class=\"vce-col-inner\" data-vce-do-apply=\"border margin background  el-b4090136\"><div class=\"vce-col-content\" data-vce-element-content=\"true\" data-vce-do-apply=\"padding el-b4090136\"><div class=\"vce-text-block\"><div class=\"vce-text-block-wrapper vce\" id=\"el-6af5929e\" data-vce-do-apply=\"all el-6af5929e\"><h3>3\u00a0TYPES D\u2019ACIDE HYALURONIQUE<\/h3><\/div><\/div><div class=\"vce-row-container\" data-vce-boxed-width=\"true\"><div class=\"vce-row vce-row--col-gap-30 vce-row-equal-height vce-row-content--middle\" id=\"el-0fc48bb3\" data-vce-do-apply=\"all el-0fc48bb3\"><div class=\"vce-content-background-container\"><\/div><div class=\"vce-row-content\" data-vce-element-content=\"true\"><div class=\"vce-col vce-col--xs-100p vce-col--xs-visible vce-col--xs-last vce-col--xs-first vce-col--sm-100-px vce-col--sm-visible vce-col--sm-first vce-col--md-160-px vce-col--md-visible vce-col--md-first vce-col--lg-160-px vce-col--lg-visible vce-col--lg-first vce-col--xl-160-px vce-col--xl-visible vce-col--xl-first\" id=\"el-9f587fd8\"><div class=\"vce-col-inner\" data-vce-do-apply=\"border margin background  el-9f587fd8\"><div class=\"vce-content-background-container\"><\/div><div class=\"vce-col-content\" data-vce-element-content=\"true\" data-vce-do-apply=\"padding el-9f587fd8\"><div class=\"vce-single-image-container hyalu vce-single-image--align-left\"><div class=\"vce vce-single-image-wrapper\" id=\"el-e7541a7d\" data-vce-do-apply=\"all el-e7541a7d\"><figure><div class=\"vce-single-image-figure-inner\" style=\"width: 386px;\"><div class=\"vce-single-image-inner vce-single-image--absolute\" style=\"width: 100%; padding-bottom: 185.492%;\"><img decoding=\"async\" class=\"vce-single-image lazyload\" data-src=\"https:\/\/hadalabostg.wpengine.com\/wp-content\/uploads\/2023\/02\/HL-3types-1.png\" data-img-data-src=\"https:\/\/hadalabostg.wpengine.com\/wp-content\/uploads\/2023\/02\/HL-3types-1.png\" data-attachment-id=\"113\" alt=\"\" title=\"HL-3types\" src=\"data:image\/svg+xml;base64,PHN2ZyB3aWR0aD0iMSIgaGVpZ2h0PSIxIiB4bWxucz0iaHR0cDovL3d3dy53My5vcmcvMjAwMC9zdmciPjwvc3ZnPg==\"><\/div><\/div><figcaption hidden=\"\"><\/figcaption><\/figure><\/div><\/div><\/div><\/div><\/div><div class=\"vce-col vce-col--xs-100p vce-col--xs-visible vce-col--xs-last vce-col--xs-first vce-col--sm-auto vce-col--sm-visible vce-col--sm-last vce-col--md-auto vce-col--md-visible vce-col--md-last vce-col--lg-auto vce-col--lg-visible vce-col--lg-last vce-col--xl-auto vce-col--xl-visible vce-col--xl-last\" id=\"el-c1febb66\"><div class=\"vce-col-inner\" data-vce-do-apply=\"border margin background  el-c1febb66\"><div class=\"vce-content-background-container\"><\/div><div class=\"vce-col-content\" data-vce-element-content=\"true\" data-vce-do-apply=\"padding el-c1febb66\"><div class=\"vce-text-block hyal1\"><div class=\"vce-text-block-wrapper vce\" id=\"el-582b0da8\" data-vce-do-apply=\"all el-582b0da8\"><h4 style=\"margin-bottom:0;\">HA+<\/h4>Hydrate deux\u00a0fois plus que l\u2019acide hyaluronique normal<\/div><\/div><div class=\"vce-text-block hyal2\"><div class=\"vce-text-block-wrapper vce\" id=\"el-263f9631\" data-vce-do-apply=\"all el-263f9631\"><h4 style=\"margin-bottom: 0;\">MICRO HA<\/h4><p>Hydrate et nourrit la peau de l\u2019int\u00e9rieur<\/p><\/div><\/div><div class=\"vce-text-block hyal3\"><div class=\"vce-text-block-wrapper vce\" id=\"el-3afaf556\" data-vce-do-apply=\"all el-3afaf556\"><h4 style=\"margin-bottom: 0;\">MACRO HA<\/h4><p>La peau reste hydrat\u00e9e de l\u2019int\u00e9rieur pendant plusieurs heures\u00a0: MAINTIEN DE L\u2019HYDRATATION<\/p><\/div><\/div><\/div><\/div><\/div><\/div><\/div><\/div><\/div><\/div><\/div><\/div><\/div><\/div><\/div><\/div><\/div><\/div><\/div><\/div><\/div><\/div><\/div><\/div><\/div><\/div><div class=\"vce-row-container\" data-vce-boxed-width=\"true\"><div class=\"vce-row vce-row--col-gap-30 vce-row-equal-height vce-row-content--top\" id=\"el-d819ae7c\" data-vce-do-apply=\"all el-d819ae7c\"><div class=\"vce-content-background-container\"><\/div><div class=\"vce-row-content\" data-vce-element-content=\"true\"><div class=\"vce-col vce-col--md-auto vce-col--xs-1 vce-col--xs-last vce-col--xs-first vce-col--sm-last vce-col--sm-first vce-col--md-last vce-col--lg-last vce-col--xl-last vce-col--md-first vce-col--lg-first vce-col--xl-first\" id=\"el-0ec5a77d\"><div class=\"vce-col-inner\" data-vce-do-apply=\"border margin background  el-0ec5a77d\"><div class=\"vce-col-content\" data-vce-element-content=\"true\" data-vce-do-apply=\"padding el-0ec5a77d\"><div class=\"vce-text-block\"><div class=\"vce-text-block-wrapper vce\" id=\"el-de4243ec\" data-vce-do-apply=\"all el-de4243ec\"><h2>Types d\u2019acides hyaluroniques<\/h2><\/div><\/div><\/div><\/div><\/div><\/div><\/div><\/div><div class=\"vce-row-container\" data-vce-boxed-width=\"true\"><div class=\"vce-row vce-row--col-gap-30 vce-row-equal-height vce-row-content--top\" id=\"el-1f871426\" data-vce-do-apply=\"all el-1f871426\"><div class=\"vce-content-background-container\"><\/div><div class=\"vce-row-content\" data-vce-element-content=\"true\"><div class=\"vce-col vce-col--xs-100p vce-col--xs-visible vce-col--xs-last vce-col--xs-first vce-col--sm-100p vce-col--sm-visible vce-col--sm-last vce-col--sm-first vce-col--md-50p vce-col--md-visible vce-col--md-first vce-col--lg-auto vce-col--lg-visible vce-col--lg-first vce-col--xl-auto vce-col--xl-visible vce-col--xl-first\" id=\"el-00a54749\"><div class=\"vce-col-inner\" data-vce-do-apply=\"border margin background  el-00a54749\"><div class=\"vce-col-content\" data-vce-element-content=\"true\" data-vce-do-apply=\"padding el-00a54749\"><div class=\"vce-text-block\"><div class=\"vce-text-block-wrapper vce\" id=\"el-69e4015d\" data-vce-do-apply=\"all el-69e4015d\"><h3>ACIDE HYALURONIQUE DE GRANDE TAILLE<\/h3><p><span style=\"font-weight: inherit; font-style: inherit;\">C\u2019est la plus grande mol\u00e9cule, elle agit \u00e0 la surface de la peau pour retenir l\u2019humidit\u00e9 et emp\u00eacher l\u2019\u00e9vaporation, procurant ainsi une hydratation durable.<\/span><\/p><\/div><\/div><\/div><\/div><\/div><div class=\"vce-col vce-col--xs-100p vce-col--xs-visible vce-col--xs-last vce-col--xs-first vce-col--sm-100p vce-col--sm-visible vce-col--sm-last vce-col--sm-first vce-col--md-50p vce-col--md-visible vce-col--md-last vce-col--lg-auto vce-col--lg-visible vce-col--xl-auto vce-col--xl-visible\" id=\"el-84e683d1\"><div class=\"vce-col-inner\" data-vce-do-apply=\"border margin background  el-84e683d1\"><div class=\"vce-col-content\" data-vce-element-content=\"true\" data-vce-do-apply=\"padding el-84e683d1\"><div class=\"vce-text-block\"><div class=\"vce-text-block-wrapper vce\" id=\"el-0bd0cc58\" data-vce-do-apply=\"all el-0bd0cc58\"><h3>ACIDE HYALURONIQUE DE TAILLE MOYENNE<\/h3>\n<p>Cette mol\u00e9cule de taille moyenne peut retenir 1\u00a0000\u00a0fois son poids en eau. Elle est retenue dans la couche sup\u00e9rieure de la peau.<\/p><\/div><\/div><\/div><\/div><\/div><div class=\"vce-col vce-col--xs-100p vce-col--xs-visible vce-col--xs-last vce-col--xs-first vce-col--sm-100p vce-col--sm-visible vce-col--sm-last vce-col--sm-first vce-col--md-50p vce-col--md-visible vce-col--md-first vce-col--lg-auto vce-col--lg-visible vce-col--xl-auto vce-col--xl-visible\" id=\"el-6b2cc48a\"><div class=\"vce-col-inner\" data-vce-do-apply=\"border margin background  el-6b2cc48a\"><div class=\"vce-col-content\" data-vce-element-content=\"true\" data-vce-do-apply=\"padding el-6b2cc48a\"><div class=\"vce-text-block\"><div class=\"vce-text-block-wrapper vce\" id=\"el-bca6c96d\" data-vce-do-apply=\"all el-bca6c96d\"><h3>Super Hyaluronic Acid<span class=\"fallback\">MC<\/span><\/h3>\n<p>This type retains 2 times more water than standard Hyaluronic Acid.<\/p><\/div><\/div><\/div><\/div><\/div><div class=\"vce-col vce-col--xs-100p vce-col--xs-visible vce-col--xs-last vce-col--xs-first vce-col--sm-100p vce-col--sm-visible vce-col--sm-last vce-col--sm-first vce-col--md-50p vce-col--md-visible vce-col--md-last vce-col--lg-auto vce-col--lg-visible vce-col--lg-last vce-col--xl-auto vce-col--xl-visible vce-col--xl-last\" id=\"el-f3da056b\"><div class=\"vce-col-inner\" data-vce-do-apply=\"border margin background  el-f3da056b\"><div class=\"vce-col-content\" data-vce-element-content=\"true\" data-vce-do-apply=\"padding el-f3da056b\"><div class=\"vce-text-block\"><div class=\"vce-text-block-wrapper vce\" id=\"el-8865b87a\" data-vce-do-apply=\"all el-8865b87a\"><h3>ACIDE HYALURONIQUE DE TAILLE NANO<\/h3><p>Cette impressionnante petite mol\u00e9cule de taille nano p\u00e9n\u00e8tre plus profond\u00e9ment et repulpe de l\u2019int\u00e9rieur.<\/p><\/div><\/div><\/div><\/div><\/div><\/div><\/div><\/div><div class=\"vce-row-container\" id=\"mochimochi\"><div class=\"vce-row vce-element--xl--has-background vce-element--lg--has-background vce-element--md--has-background vce-element--sm--has-background vce-element--xs--has-background vce-row--col-gap-30 formulas vce-row-equal-height vce-row-content--top\" data-vce-full-width=\"true\" id=\"el-5ccb5189\" data-vce-do-apply=\"all el-5ccb5189\"><div class=\"vce-content-background-container\"><div class=\"vce-asset-background-simple-container vce-visible-xl-only vce-asset-background-simple--style-full-height vce-asset-background-simple--position-left-top\"><div class=\"vce-asset-background-simple\">\n              <div style='background-image:inherit;'  class=\"vce-asset-background-simple-item vcv-lozad lazyload\"  data-bg-image=\"url(&quot;https:\/\/hadalabostg.wpengine.com\/wp-content\/uploads\/2023\/02\/HL-formulations.png&quot;)\"><\/div>\n              <noscript>\n                <div class=\"vce-asset-background-simple-item\" style=\"background-image: url(https:\/\/hadalabostg.wpengine.com\/wp-content\/uploads\/2023\/02\/HL-formulations.png)\"><\/div>\n              <\/noscript>\n            <\/div><\/div><div class=\"vce-asset-background-simple-container vce-visible-lg-only vce-asset-background-simple--style-full-height vce-asset-background-simple--position-left-top\"><div class=\"vce-asset-background-simple\">\n              <div style='background-image:inherit;'  class=\"vce-asset-background-simple-item vcv-lozad lazyload\"  data-bg-image=\"url(&quot;https:\/\/hadalabostg.wpengine.com\/wp-content\/uploads\/2023\/02\/HL-formulations.png&quot;)\"><\/div>\n              <noscript>\n                <div class=\"vce-asset-background-simple-item\" style=\"background-image: url(https:\/\/hadalabostg.wpengine.com\/wp-content\/uploads\/2023\/02\/HL-formulations.png)\"><\/div>\n              <\/noscript>\n            <\/div><\/div><div class=\"vce-asset-background-simple-container vce-visible-md-only vce-asset-background-simple--style-no-repeat vce-asset-background-simple--position-left-bottom\"><div class=\"vce-asset-background-simple\">\n              <div style='background-image:inherit;'  class=\"vce-asset-background-simple-item vcv-lozad lazyload\"  data-bg-image=\"url(&quot;https:\/\/hadalabostg.wpengine.com\/wp-content\/uploads\/2023\/02\/HL-formulations.png&quot;)\"><\/div>\n              <noscript>\n                <div class=\"vce-asset-background-simple-item\" style=\"background-image: url(https:\/\/hadalabostg.wpengine.com\/wp-content\/uploads\/2023\/02\/HL-formulations.png)\"><\/div>\n              <\/noscript>\n            <\/div><\/div><div class=\"vce-asset-background-simple-container vce-visible-sm-only vce-asset-background-simple--style-no-repeat vce-asset-background-simple--position-left-bottom\"><div class=\"vce-asset-background-simple\">\n              <div style='background-image:inherit;'  class=\"vce-asset-background-simple-item vcv-lozad lazyload\"  data-bg-image=\"url(&quot;https:\/\/hadalabostg.wpengine.com\/wp-content\/uploads\/2023\/02\/HL-formulations.png&quot;)\"><\/div>\n              <noscript>\n                <div class=\"vce-asset-background-simple-item\" style=\"background-image: url(https:\/\/hadalabostg.wpengine.com\/wp-content\/uploads\/2023\/02\/HL-formulations.png)\"><\/div>\n              <\/noscript>\n            <\/div><\/div><div class=\"vce-asset-background-simple-container vce-visible-xs-only vce-asset-background-simple--style-no-repeat vce-asset-background-simple--position-left-bottom\"><div class=\"vce-asset-background-simple\">\n              <div style='background-image:inherit;'  class=\"vce-asset-background-simple-item vcv-lozad lazyload\"  data-bg-image=\"url(&quot;https:\/\/hadalabostg.wpengine.com\/wp-content\/uploads\/2023\/02\/HL-formulations.png&quot;)\"><\/div>\n              <noscript>\n                <div class=\"vce-asset-background-simple-item\" style=\"background-image: url(https:\/\/hadalabostg.wpengine.com\/wp-content\/uploads\/2023\/02\/HL-formulations.png)\"><\/div>\n              <\/noscript>\n            <\/div><\/div><\/div><div class=\"vce-row-content\" data-vce-element-content=\"true\"><div class=\"vce-col vce-col--md-auto vce-col--xs-1 vce-col--xs-last vce-col--xs-first vce-col--sm-last vce-col--sm-first vce-col--md-first vce-col--lg-first vce-col--xl-first\" id=\"el-7f7e1683\"><div class=\"vce-col-inner\" data-vce-do-apply=\"border margin background  el-7f7e1683\"><div class=\"vce-content-background-container\"><\/div><div class=\"vce-col-content\" data-vce-element-content=\"true\" data-vce-do-apply=\"padding el-7f7e1683\"><div class=\"vcv-row-control-wrapper\"><\/div><\/div><\/div><\/div><div class=\"vce-col vce-col--md-auto vce-col--xs-1 vce-col--xs-last vce-col--xs-first vce-col--sm-last vce-col--sm-first vce-col--md-last vce-col--lg-last vce-col--xl-last\" id=\"el-378307ba\"><div class=\"vce-col-inner\" data-vce-do-apply=\"border margin background  el-378307ba\"><div class=\"vce-content-background-container\"><\/div><div class=\"vce-col-content\" data-vce-element-content=\"true\" data-vce-do-apply=\"padding el-378307ba\"><div class=\"vce-text-block\"><div class=\"vce-text-block-wrapper vce\" id=\"el-4e0f7f4b\" data-vce-do-apply=\"all el-4e0f7f4b\"><h2>Formulations Japonaises<\/h2>\n<p>Tous les produits Hada Labo Tokyo<span style=\"font-weight: inherit; font-style: inherit;\"><span class=\"fallback\">MC<\/span><\/span> sont fabriqu\u00e9s \u00e0 partir des formules japonaises originales et brevet\u00e9es.<\/p>\n<p>The thin, quickly absorbed formulations are part of what Hada Labo Tokyo<span style=\"font-weight: inherit; font-style: inherit;\"><span class=\"fallback\">MC<\/span><\/span> Les lotions Hada Labo hydratent votre peau et favorisent la p\u00e9n\u00e9tration et l\u2019action efficace de l\u2019humidit\u00e9 contenue dans votre cr\u00e8me hydratante.<\/p>\n<p>Saviez-vous que l\u2019effet MOCHI-MOCHI est le nom japonais utilis\u00e9 pour d\u00e9signer la sensation de l\u00e9ger effet collant de votre main sur votre visage lors de l\u2019application du produit? Les Japonaises adorent cette sensation, qui leur garantit que leurs produits laisseront leur peau douce et hydrat\u00e9e.<\/p><\/div><\/div><div class=\"vce-button--style-outline-container vce-button--style-outline-container--align-left\"><span class=\"vce-button--style-outline-wrapper vce\" id=\"el-ef882ddf\" data-vce-do-apply=\"margin el-ef882ddf\"><a class=\"vce-button vce-button--style-outline-animated vce-button--style-outline--border-square vce-button--style-outline--size-medium vce-button--style-outline-animated--color-b-34-32-33--fff--3d3d3d vce-button--style-outline-animated--border-color-b-34-32-33--3d3d3d vce-button--style-outline-animated--background-color-b-34-32-33\" href=\"https:\/\/hadalabotokyo.ca\/fr\/super-hydration\/\" title=\"\" data-vce-do-apply=\"padding border background  el-ef882ddf\"><span class=\"vce-button--style-outline-text\">CONSULTEZ NOS PRODUITS SUPER HYDRANTS<\/span><\/a><\/span><\/div><div class=\"vce-single-image-container opacity-zero vce-single-image--align-left\"><div class=\"vce vce-single-image-wrapper\" id=\"el-b6a75d0a\" data-vce-do-apply=\"all el-b6a75d0a\"><figure><div class=\"vce-single-image-figure-inner\" style=\"width: 1021px;\"><div class=\"vce-single-image-inner vce-single-image--absolute\" style=\"width: 100%; padding-bottom: 97.9432%;\"><img decoding=\"async\" class=\"vce-single-image lazyload\"  width=\"1021\" height=\"1000\" data-srcset=\"https:\/\/hadalabotokyo.ca\/wp-content\/uploads\/2023\/02\/HL-formulations-320x313.png 320w, https:\/\/hadalabotokyo.ca\/wp-content\/uploads\/2023\/02\/HL-formulations-480x470.png 480w, https:\/\/hadalabotokyo.ca\/wp-content\/uploads\/2023\/02\/HL-formulations-800x784.png 800w, https:\/\/hadalabotokyo.ca\/wp-content\/uploads\/2024\/04\/HL-formulations-1021x1000.png 1021w\" data-src=\"https:\/\/hadalabotokyo.ca\/wp-content\/uploads\/2024\/04\/HL-formulations-1021x1000.png\" data-img-src=\"https:\/\/hadalabostg.wpengine.com\/wp-content\/uploads\/2023\/02\/HL-formulations.png\" data-attachment-id=\"115\"  alt=\"\" title=\"HL-formulations\" src=\"data:image\/svg+xml;base64,PHN2ZyB3aWR0aD0iMSIgaGVpZ2h0PSIxIiB4bWxucz0iaHR0cDovL3d3dy53My5vcmcvMjAwMC9zdmciPjwvc3ZnPg==\" style=\"--smush-placeholder-width: 1021px; --smush-placeholder-aspect-ratio: 1021\/1000;\" \/><\/div><\/div><figcaption hidden=\"\"><\/figcaption><\/figure><\/div><\/div><\/div><\/div><\/div><\/div><\/div><\/div>","protected":false},"excerpt":{"rendered":"<p>The ScienceMeet Super Hyaluronic AcidTM Hada Labo TokyoTM products are made up of a one of a kind blend of 3 different hyaluronic acids, designed to quench thirsty, dry skin providing deep, long lasting hydration. Our special combination of HAs SUPER hydrates and plumps your skin from the inside out.3 types of hyaluronic acidHA+Provides twice [&hellip;]<\/p>\n","protected":false},"author":3,"featured_media":127,"parent":0,"menu_order":0,"comment_status":"closed","ping_status":"closed","template":"","meta":{"footnotes":""},"class_list":["post-69","page","type-page","status-publish","has-post-thumbnail","hentry"],"_links":{"self":[{"href":"https:\/\/hadalabotokyo.ca\/fr\/wp-json\/wp\/v2\/pages\/69","targetHints":{"allow":["GET"]}}],"collection":[{"href":"https:\/\/hadalabotokyo.ca\/fr\/wp-json\/wp\/v2\/pages"}],"about":[{"href":"https:\/\/hadalabotokyo.ca\/fr\/wp-json\/wp\/v2\/types\/page"}],"author":[{"embeddable":true,"href":"https:\/\/hadalabotokyo.ca\/fr\/wp-json\/wp\/v2\/users\/3"}],"replies":[{"embeddable":true,"href":"https:\/\/hadalabotokyo.ca\/fr\/wp-json\/wp\/v2\/comments?post=69"}],"version-history":[{"count":0,"href":"https:\/\/hadalabotokyo.ca\/fr\/wp-json\/wp\/v2\/pages\/69\/revisions"}],"wp:featuredmedia":[{"embeddable":true,"href":"https:\/\/hadalabotokyo.ca\/fr\/wp-json\/wp\/v2\/media\/127"}],"wp:attachment":[{"href":"https:\/\/hadalabotokyo.ca\/fr\/wp-json\/wp\/v2\/media?parent=69"}],"curies":[{"name":"wp","href":"https:\/\/api.w.org\/{rel}","templated":true}]}}